{"id":53,"date":"2021-10-09T16:53:53","date_gmt":"2021-10-09T14:53:53","guid":{"rendered":"http:\/\/besancon-billard.fr\/?page_id=53"},"modified":"2021-11-05T22:58:27","modified_gmt":"2021-11-05T21:58:27","slug":"le-club","status":"publish","type":"page","link":"http:\/\/besancon-billard.fr\/index.php\/le-club\/","title":{"rendered":"Le club"},"content":{"rendered":"\n<figure class=\"wp-block-image size-full\"><img loading=\"lazy\" decoding=\"async\" width=\"362\" height=\"50\" src=\"http:\/\/besancon-billard.fr\/wp-content\/uploads\/2021\/11\/logo_p.jpg\" alt=\"\" class=\"wp-image-114\" srcset=\"http:\/\/besancon-billard.fr\/wp-content\/uploads\/2021\/11\/logo_p.jpg 362w, http:\/\/besancon-billard.fr\/wp-content\/uploads\/2021\/11\/logo_p-300x41.jpg 300w\" sizes=\"auto, (max-width: 362px) 100vw, 362px\" \/><\/figure>\n\n\n\n<figure class=\"wp-block-image size-large\"><img loading=\"lazy\" decoding=\"async\" width=\"1024\" height=\"210\" src=\"http:\/\/besancon-billard.fr\/wp-content\/uploads\/2021\/10\/img_club-1024x210.jpg\" alt=\"\" class=\"wp-image-98\" srcset=\"http:\/\/besancon-billard.fr\/wp-content\/uploads\/2021\/10\/img_club-1024x210.jpg 1024w, http:\/\/besancon-billard.fr\/wp-content\/uploads\/2021\/10\/img_club-300x61.jpg 300w, http:\/\/besancon-billard.fr\/wp-content\/uploads\/2021\/10\/img_club-768x157.jpg 768w, http:\/\/besancon-billard.fr\/wp-content\/uploads\/2021\/10\/img_club-1536x314.jpg 1536w, http:\/\/besancon-billard.fr\/wp-content\/uploads\/2021\/10\/img_club.jpg 1916w\" sizes=\"auto, (max-width: 1024px) 100vw, 1024px\" \/><\/figure>\n\n\n\n<div class=\"wp-block-columns alignfull has-text-color has-background is-layout-flex wp-container-core-columns-is-layout-9d6595d7 wp-block-columns-is-layout-flex\" style=\"background-color:#ffffff;color:#000000\">\n<div class=\"wp-block-column is-layout-flow wp-block-column-is-layout-flow\">\n<p class=\"has-text-color\" style=\"color:#3ea756\"><strong>Ambiance conviviale<\/strong><\/p>\n\n\n\n<p>Jouer au billard fran\u00e7ais demande de la concentration \u2026 mais aussi de la bonne humeur ! Nous avons tout \u00e7a au club.<\/p>\n<\/div>\n\n\n\n<div class=\"wp-block-column is-layout-flow wp-block-column-is-layout-flow\">\n<p class=\"has-text-color\" style=\"color:#3ea756\"><strong>Mat\u00e9riel entretenu<\/strong><\/p>\n\n\n\n<p>Nos 3 billards (plus un billard d&rsquo;apprentissage) sont r\u00e9nov\u00e9s chaque ann\u00e9e, ainsi que les billes et la plupart des accessoires.<\/p>\n<\/div>\n\n\n\n<div class=\"wp-block-column is-layout-flow wp-block-column-is-layout-flow\">\n<p class=\"has-text-color\" style=\"color:#3ea756\"><strong>Parking gratuit<\/strong><\/p>\n\n\n\n<p>Pas de souci de parcm\u00e8tre et autres pi\u00e8ces de monnaie \u00e0 r\u00e9ins\u00e9rer r\u00e9guli\u00e8rement, aucun risque de contraventions.<\/p>\n<\/div>\n<\/div>\n\n\n\n<div class=\"wp-block-columns alignfull has-text-color has-background is-layout-flex wp-container-core-columns-is-layout-9d6595d7 wp-block-columns-is-layout-flex\" style=\"background-color:#ffffff;color:#000000\">\n<div class=\"wp-block-column is-layout-flow wp-block-column-is-layout-flow\">\n<p class=\"has-text-color\" style=\"color:#3ea756\"><strong>Am\u00e9nagements modernes<\/strong><\/p>\n\n\n\n<p>Les locaux ont \u00e9t\u00e9 enti\u00e8rement refaits en 2018. Toilettes, salle en sous-sol prot\u00e9g\u00e9e des froids et des chaleurs excessifs, acc\u00e8s handicap\u00e9s, ascenseur.<\/p>\n<\/div>\n\n\n\n<div class=\"wp-block-column is-layout-flow wp-block-column-is-layout-flow\">\n<p class=\"has-text-color\" style=\"color:#3ea756\"><strong>Un acc\u00e8s facile<\/strong><\/p>\n\n\n\n<p>Au bout d&rsquo;un an de pr\u00e9sence, une cl\u00e9 du local vous est fournie, vous permettant de jouer et de vous entra\u00eener quand vous le souhaitez.<\/p>\n<\/div>\n\n\n\n<div class=\"wp-block-column is-layout-flow wp-block-column-is-layout-flow\">\n<p class=\"has-text-color\" style=\"color:#3ea756\"><strong>Et plus encore\u2026<\/strong><\/p>\n\n\n\n<p>Initiation gratuite, possibilit\u00e9 de r\u00e8glement par forfait ou \u00e0 l&rsquo;heure, facilit\u00e9s de paiement, etc ! Venez nous voir !<\/p>\n<\/div>\n<\/div>\n","protected":false},"excerpt":{"rendered":"<p>Ambiance conviviale Jouer au billard fran\u00e7ais demande de la concentration \u2026 mais aussi de la bonne humeur ! Nous avons tout \u00e7a au club. Mat\u00e9riel entretenu Nos 3 billards (plus un billard d&rsquo;apprentissage) sont r\u00e9nov\u00e9s chaque ann\u00e9e, ainsi que les billes et la plupart des accessoires. Parking gratuit Pas de souci de parcm\u00e8tre et autresLire la suite &rarr;<\/p>\n","protected":false},"author":1,"featured_media":0,"parent":0,"menu_order":0,"comment_status":"closed","ping_status":"closed","template":"","meta":{"footnotes":""},"class_list":["post-53","page","type-page","status-publish","hentry","no-thumb"],"_links":{"self":[{"href":"http:\/\/besancon-billard.fr\/index.php\/wp-json\/wp\/v2\/pages\/53","targetHints":{"allow":["GET"]}}],"collection":[{"href":"http:\/\/besancon-billard.fr\/index.php\/wp-json\/wp\/v2\/pages"}],"about":[{"href":"http:\/\/besancon-billard.fr\/index.php\/wp-json\/wp\/v2\/types\/page"}],"author":[{"embeddable":true,"href":"http:\/\/besancon-billard.fr\/index.php\/wp-json\/wp\/v2\/users\/1"}],"replies":[{"embeddable":true,"href":"http:\/\/besancon-billard.fr\/index.php\/wp-json\/wp\/v2\/comments?post=53"}],"version-history":[{"count":6,"href":"http:\/\/besancon-billard.fr\/index.php\/wp-json\/wp\/v2\/pages\/53\/revisions"}],"predecessor-version":[{"id":120,"href":"http:\/\/besancon-billard.fr\/index.php\/wp-json\/wp\/v2\/pages\/53\/revisions\/120"}],"wp:attachment":[{"href":"http:\/\/besancon-billard.fr\/index.php\/wp-json\/wp\/v2\/media?parent=53"}],"curies":[{"name":"wp","href":"https:\/\/api.w.org\/{rel}","templated":true}]}}