{"id":46,"date":"2021-10-09T14:44:23","date_gmt":"2021-10-09T12:44:23","guid":{"rendered":"http:\/\/besancon-billard.fr\/?page_id=46"},"modified":"2021-11-05T22:57:43","modified_gmt":"2021-11-05T21:57:43","slug":"le-billard-francais","status":"publish","type":"page","link":"http:\/\/besancon-billard.fr\/index.php\/le-billard-francais\/","title":{"rendered":"Le billard fran\u00e7ais"},"content":{"rendered":"\n<figure class=\"wp-block-image size-full\"><img loading=\"lazy\" decoding=\"async\" width=\"362\" height=\"50\" src=\"http:\/\/besancon-billard.fr\/wp-content\/uploads\/2021\/11\/logo_p.jpg\" alt=\"\" class=\"wp-image-114\" srcset=\"http:\/\/besancon-billard.fr\/wp-content\/uploads\/2021\/11\/logo_p.jpg 362w, http:\/\/besancon-billard.fr\/wp-content\/uploads\/2021\/11\/logo_p-300x41.jpg 300w\" sizes=\"auto, (max-width: 362px) 100vw, 362px\" \/><\/figure>\n\n\n\n<figure class=\"wp-block-image size-large\"><img loading=\"lazy\" decoding=\"async\" width=\"1024\" height=\"210\" src=\"http:\/\/besancon-billard.fr\/wp-content\/uploads\/2021\/10\/img_wiki-1024x210.jpg\" alt=\"\" class=\"wp-image-96\" srcset=\"http:\/\/besancon-billard.fr\/wp-content\/uploads\/2021\/10\/img_wiki-1024x210.jpg 1024w, http:\/\/besancon-billard.fr\/wp-content\/uploads\/2021\/10\/img_wiki-300x61.jpg 300w, http:\/\/besancon-billard.fr\/wp-content\/uploads\/2021\/10\/img_wiki-768x157.jpg 768w, http:\/\/besancon-billard.fr\/wp-content\/uploads\/2021\/10\/img_wiki-1536x314.jpg 1536w, http:\/\/besancon-billard.fr\/wp-content\/uploads\/2021\/10\/img_wiki.jpg 1916w\" sizes=\"auto, (max-width: 1024px) 100vw, 1024px\" \/><\/figure>\n\n\n\n<p>Le billard fran\u00e7ais ou billard carambole est un sport qui allie concentration, synchronisation des gestes, strat\u00e9gie &#8230; et amusement, car il faut toujours prendre du plaisir \u00e0 jouer.<\/p>\n\n\n\n<p>Voyez l&rsquo;<a rel=\"noreferrer noopener\" href=\"https:\/\/fr.wikipedia.org\/wiki\/Billard_fran%C3%A7ais\" target=\"_blank\">article sur Wikipedia<\/a><\/p>\n","protected":false},"excerpt":{"rendered":"<p>Le billard fran\u00e7ais ou billard carambole est un sport qui allie concentration, synchronisation des gestes, strat\u00e9gie &#8230; et amusement, car il faut toujours prendre du plaisir \u00e0 jouer. Voyez l&rsquo;article sur Wikipedia<\/p>\n","protected":false},"author":1,"featured_media":0,"parent":0,"menu_order":0,"comment_status":"closed","ping_status":"closed","template":"","meta":{"footnotes":""},"class_list":["post-46","page","type-page","status-publish","hentry","no-thumb"],"_links":{"self":[{"href":"http:\/\/besancon-billard.fr\/index.php\/wp-json\/wp\/v2\/pages\/46","targetHints":{"allow":["GET"]}}],"collection":[{"href":"http:\/\/besancon-billard.fr\/index.php\/wp-json\/wp\/v2\/pages"}],"about":[{"href":"http:\/\/besancon-billard.fr\/index.php\/wp-json\/wp\/v2\/types\/page"}],"author":[{"embeddable":true,"href":"http:\/\/besancon-billard.fr\/index.php\/wp-json\/wp\/v2\/users\/1"}],"replies":[{"embeddable":true,"href":"http:\/\/besancon-billard.fr\/index.php\/wp-json\/wp\/v2\/comments?post=46"}],"version-history":[{"count":4,"href":"http:\/\/besancon-billard.fr\/index.php\/wp-json\/wp\/v2\/pages\/46\/revisions"}],"predecessor-version":[{"id":119,"href":"http:\/\/besancon-billard.fr\/index.php\/wp-json\/wp\/v2\/pages\/46\/revisions\/119"}],"wp:attachment":[{"href":"http:\/\/besancon-billard.fr\/index.php\/wp-json\/wp\/v2\/media?parent=46"}],"curies":[{"name":"wp","href":"https:\/\/api.w.org\/{rel}","templated":true}]}}